{"id":15,"date":"2019-06-18T12:22:35","date_gmt":"2019-06-18T10:22:35","guid":{"rendered":"http:\/\/maisonateliervirginiebecourt.com\/?page_id=15"},"modified":"2025-12-17T19:21:32","modified_gmt":"2025-12-17T18:21:32","slug":"accueil","status":"publish","type":"page","link":"https:\/\/virginiebecourt.com\/","title":{"rendered":"Sculptrice Textile"},"content":{"rendered":"\n<p><\/p>\n\n\n\n<p><strong><em>\u00ab\u00a0La nature n&rsquo;est pas un paysage. Elle n&rsquo;est pas devant vous mais \u00e0 l\u2019int\u00e9rieur de vous tout autant que vous \u00eates \u00e0 l\u2019int\u00e9rieur d&rsquo;elle.\u00a0\u00bb&nbsp; &nbsp; &nbsp; &nbsp; &nbsp; &nbsp; &nbsp; &nbsp; &nbsp; &nbsp; &nbsp; &nbsp; &nbsp; &nbsp; &nbsp; &nbsp; &nbsp; &nbsp; &nbsp; &nbsp; &nbsp; &nbsp; &nbsp; &nbsp; &nbsp; &nbsp; &nbsp; &nbsp; &nbsp; &nbsp; &nbsp; &nbsp; &nbsp; &nbsp; &nbsp; &nbsp; &nbsp; &nbsp; &nbsp; &nbsp; &nbsp; &nbsp; &nbsp; &nbsp; &nbsp; &nbsp; &nbsp; &nbsp; &nbsp; &nbsp; &nbsp; &nbsp; &nbsp; &nbsp; &nbsp; &nbsp; &nbsp; &nbsp; &nbsp; &nbsp; &nbsp; &nbsp; &nbsp; &nbsp; &nbsp; &nbsp; &nbsp; &nbsp; &nbsp; &nbsp; &nbsp; &nbsp; &nbsp; &nbsp; &nbsp; &nbsp; &nbsp; &nbsp; &nbsp; &nbsp; &nbsp; &nbsp; &nbsp; &nbsp; &nbsp; &nbsp; &nbsp; &nbsp; &nbsp; &nbsp; &nbsp; &nbsp; &nbsp; &nbsp; &nbsp; &nbsp; &nbsp; &nbsp; &nbsp; &nbsp; &nbsp; &nbsp; &nbsp; &nbsp; &nbsp; &nbsp; &nbsp; &nbsp; &nbsp; Anne Berest<\/em><\/strong><\/p>\n\n\n\n<p class=\"has-text-align-center\">contact@virginiebecourt.com<\/p>\n\n\n\n<p class=\"has-text-align-center\"><font style=\"vertical-align: inherit;\"><font style=\"vertical-align: inherit;\"> <\/font><\/font>              <a rel=\"noreferrer noopener\" href=\"https:\/\/www.instagram.com\/virginiebecourtmaisonatelier\/?hl=fr\" target=\"_blank\"><img loading=\"lazy\" decoding=\"async\" width=\"50\" height=\"50\" class=\"wp-image-943\" style=\"width: 50px;\" src=\"https:\/\/virginiebecourt.com\/wp-content\/uploads\/2022\/07\/insta.png\" alt=\"Instagram - Virginie B\u00e9court\" srcset=\"https:\/\/virginiebecourt.com\/wp-content\/uploads\/2022\/07\/insta.png 225w, https:\/\/virginiebecourt.com\/wp-content\/uploads\/2022\/07\/insta-150x150.png 150w, https:\/\/virginiebecourt.com\/wp-content\/uploads\/2022\/07\/insta-100x100.png 100w\" sizes=\"auto, (max-width: 50px) 100vw, 50px\" \/><\/a><\/p>\n","protected":false},"excerpt":{"rendered":"<p>\u00ab\u00a0La nature n&rsquo;est pas un paysage. Elle n&rsquo;est pas devant vous mais \u00e0 l\u2019int\u00e9rieur de vous tout autant que vous \u00eates \u00e0 l\u2019int\u00e9rieur d&rsquo;elle.\u00a0\u00bb&nbsp; &nbsp; &nbsp; &nbsp; &nbsp; &nbsp; &nbsp; &nbsp; &nbsp; &nbsp; &nbsp; &nbsp; &nbsp; &nbsp; &nbsp; &nbsp; &nbsp; &nbsp; &nbsp; &nbsp; &nbsp; &nbsp; &nbsp; &nbsp; &nbsp; &nbsp; &nbsp; &nbsp; &nbsp; &nbsp; &nbsp; &nbsp; &hellip; <\/p>\n<p class=\"link-more\"><a href=\"https:\/\/virginiebecourt.com\/\" class=\"more-link\">Continuer la lecture<span class=\"screen-reader-text\"> de &laquo;&nbsp;Sculptrice Textile&nbsp;&raquo;<\/span><\/a><\/p>\n","protected":false},"author":1,"featured_media":0,"parent":0,"menu_order":0,"comment_status":"closed","ping_status":"closed","template":"","meta":{"ngg_post_thumbnail":0,"footnotes":""},"class_list":["post-15","page","type-page","status-publish","hentry"],"_links":{"self":[{"href":"https:\/\/virginiebecourt.com\/index.php\/wp-json\/wp\/v2\/pages\/15","targetHints":{"allow":["GET"]}}],"collection":[{"href":"https:\/\/virginiebecourt.com\/index.php\/wp-json\/wp\/v2\/pages"}],"about":[{"href":"https:\/\/virginiebecourt.com\/index.php\/wp-json\/wp\/v2\/types\/page"}],"author":[{"embeddable":true,"href":"https:\/\/virginiebecourt.com\/index.php\/wp-json\/wp\/v2\/users\/1"}],"replies":[{"embeddable":true,"href":"https:\/\/virginiebecourt.com\/index.php\/wp-json\/wp\/v2\/comments?post=15"}],"version-history":[{"count":71,"href":"https:\/\/virginiebecourt.com\/index.php\/wp-json\/wp\/v2\/pages\/15\/revisions"}],"predecessor-version":[{"id":1550,"href":"https:\/\/virginiebecourt.com\/index.php\/wp-json\/wp\/v2\/pages\/15\/revisions\/1550"}],"wp:attachment":[{"href":"https:\/\/virginiebecourt.com\/index.php\/wp-json\/wp\/v2\/media?parent=15"}],"curies":[{"name":"wp","href":"https:\/\/api.w.org\/{rel}","templated":true}]}}