{"id":919,"date":"2022-07-19T18:25:19","date_gmt":"2022-07-19T16:25:19","guid":{"rendered":"https:\/\/virginiebecourt.com\/?page_id=919"},"modified":"2024-11-20T12:32:54","modified_gmt":"2024-11-20T11:32:54","slug":"scanographie-textile","status":"publish","type":"page","link":"https:\/\/virginiebecourt.com\/index.php\/creations-2\/scanographie-textile\/","title":{"rendered":"Scanographie textile"},"content":{"rendered":"\n<p class=\"has-text-align-left\">Ce travail de scanographie textile est n\u00e9 de l&rsquo;envie de donner une deuxi\u00e8me vie \u00e0 mes sculptures; Avec pour plaisir de les perdre pour les retrouver autrement en cr\u00e9ant un    nouvel univers, un nouveau voyage, un nouveau questionnement de la mati\u00e8re.                                              Une vision fantomatique, je vous invite \u00e0 les d\u00e9couvrir.                                                                                Tirage papier photo argentique Pro Fuji HD Lustr\u00e9 L.30 cm par H.40 cm sur commande.<\/p>\n\n\n\n<p class=\"has-text-align-left\"><a href=\"https:\/\/www.riseart.com\/fr\/artiste\/131473\/becourt\" data-type=\"URL\" data-id=\"https:\/\/www.riseart.com\/fr\/artiste\/131473\/becourt\"> https:\/\/www.riseart.com\/fr\/artiste\/131473\/becourt.  <\/a>                                                                          <\/p>\n\n\n\n<p><strong>Archa\u00efque Temp\u00eate <\/strong><\/p>\n\n\n\n<!-- default-view.php -->\n<div\n\tclass=\"ngg-galleryoverview default-view \"\n\tid=\"ngg-gallery-21b6e715a7fe71bbc0d37e4ce37b0dab-1\">\n\n\t\t<!-- Thumbnails -->\n\t\t\t\t<div id=\"ngg-image-0\" class=\"ngg-gallery-thumbnail-box \" >\n\t\t\t\t        <div class=\"ngg-gallery-thumbnail\">\n            <a href=\"https:\/\/virginiebecourt.com\/wp-content\/gallery\/scano-archaique-tempete\/1_Archaique-4.jpg\"\n               title=\"\"\n               data-src=\"https:\/\/virginiebecourt.com\/wp-content\/gallery\/scano-archaique-tempete\/1_Archaique-4.jpg\"\n               data-thumbnail=\"https:\/\/virginiebecourt.com\/wp-content\/gallery\/scano-archaique-tempete\/thumbs\/thumbs_1_Archaique-4.jpg\"\n               data-image-id=\"332\"\n               data-title=\"1_Archaique-4\"\n               data-description=\"\"\n               data-image-slug=\"1_archaique-4\"\n               class=\"ngg-fancybox\" rel=\"21b6e715a7fe71bbc0d37e4ce37b0dab\">\n                <img\n                    title=\"1_Archaique-4\"\n                    alt=\"1_Archaique-4\"\n                    src=\"https:\/\/virginiebecourt.com\/wp-content\/gallery\/scano-archaique-tempete\/thumbs\/thumbs_1_Archaique-4.jpg\"\n                    width=\"240\"\n                    height=\"160\"\n                    style=\"max-width:100%;\"\n                \/>\n            <\/a>\n        <\/div>\n\t\t\t\t\t\t\t<\/div> \n\t\t\t\n\t\n\t<br style=\"clear: both\" \/>\n\n\t\n\t\t<!-- Pagination -->\n\t<div class='ngg-clear'><\/div>\t<\/div>\n\n\n\n\n<p><strong>Lost<\/strong> <\/p>\n\n\n\n<!-- default-view.php -->\n<div\n\tclass=\"ngg-galleryoverview default-view \"\n\tid=\"ngg-gallery-e6b436036dc688280aef2809e12b67e7-1\">\n\n\t\t<!-- Thumbnails -->\n\t\t\t\t<div id=\"ngg-image-0\" class=\"ngg-gallery-thumbnail-box \" >\n\t\t\t\t        <div class=\"ngg-gallery-thumbnail\">\n            <a href=\"https:\/\/virginiebecourt.com\/wp-content\/gallery\/scan-lost\/b6.jpg\"\n               title=\"\"\n               data-src=\"https:\/\/virginiebecourt.com\/wp-content\/gallery\/scan-lost\/b6.jpg\"\n               data-thumbnail=\"https:\/\/virginiebecourt.com\/wp-content\/gallery\/scan-lost\/thumbs\/thumbs_b6.jpg\"\n               data-image-id=\"333\"\n               data-title=\"b6\"\n               data-description=\"\"\n               data-image-slug=\"b6\"\n               class=\"ngg-fancybox\" rel=\"e6b436036dc688280aef2809e12b67e7\">\n                <img\n                    title=\"b6\"\n                    alt=\"b6\"\n                    src=\"https:\/\/virginiebecourt.com\/wp-content\/gallery\/scan-lost\/thumbs\/thumbs_b6.jpg\"\n                    width=\"240\"\n                    height=\"160\"\n                    style=\"max-width:100%;\"\n                \/>\n            <\/a>\n        <\/div>\n\t\t\t\t\t\t\t<\/div> \n\t\t\t\n\t\n\t<br style=\"clear: both\" \/>\n\n\t\n\t\t<!-- Pagination -->\n\t<div class='ngg-clear'><\/div>\t<\/div>\n\n\n\n\n<p><strong>Volupt\u00e9 I<\/strong><\/p>\n\n\n\n<!-- default-view.php -->\n<div\n\tclass=\"ngg-galleryoverview default-view \"\n\tid=\"ngg-gallery-074aff141dade5f84ea21e08ce1de5f1-1\">\n\n\t\t<!-- Thumbnails -->\n\t\t\t\t<div id=\"ngg-image-0\" class=\"ngg-gallery-thumbnail-box \" >\n\t\t\t\t        <div class=\"ngg-gallery-thumbnail\">\n            <a href=\"https:\/\/virginiebecourt.com\/wp-content\/gallery\/scan-volupte-i\/Volupte-2-17.jpg\"\n               title=\"\"\n               data-src=\"https:\/\/virginiebecourt.com\/wp-content\/gallery\/scan-volupte-i\/Volupte-2-17.jpg\"\n               data-thumbnail=\"https:\/\/virginiebecourt.com\/wp-content\/gallery\/scan-volupte-i\/thumbs\/thumbs_Volupte-2-17.jpg\"\n               data-image-id=\"334\"\n               data-title=\"Volupte I\"\n               data-description=\"\"\n               data-image-slug=\"volupte-2-17\"\n               class=\"ngg-fancybox\" rel=\"074aff141dade5f84ea21e08ce1de5f1\">\n                <img\n                    title=\"Volupte I\"\n                    alt=\"Volupte I\"\n                    src=\"https:\/\/virginiebecourt.com\/wp-content\/gallery\/scan-volupte-i\/thumbs\/thumbs_Volupte-2-17.jpg\"\n                    width=\"240\"\n                    height=\"160\"\n                    style=\"max-width:100%;\"\n                \/>\n            <\/a>\n        <\/div>\n\t\t\t\t\t\t\t<\/div> \n\t\t\t\n\t\n\t<br style=\"clear: both\" \/>\n\n\t\n\t\t<!-- Pagination -->\n\t<div class='ngg-clear'><\/div>\t<\/div>\n\n\n\n\n<p><strong>Volupt\u00e9 II<\/strong><\/p>\n\n\n\n<!-- default-view.php -->\n<div\n\tclass=\"ngg-galleryoverview default-view \"\n\tid=\"ngg-gallery-1947ac97b09c224551f4f12927b83800-1\">\n\n\t\t<!-- Thumbnails -->\n\t\t\t\t<div id=\"ngg-image-0\" class=\"ngg-gallery-thumbnail-box \" >\n\t\t\t\t        <div class=\"ngg-gallery-thumbnail\">\n            <a href=\"https:\/\/virginiebecourt.com\/wp-content\/gallery\/scan-volupte-ii\/volupte-1-16.jpg\"\n               title=\"\"\n               data-src=\"https:\/\/virginiebecourt.com\/wp-content\/gallery\/scan-volupte-ii\/volupte-1-16.jpg\"\n               data-thumbnail=\"https:\/\/virginiebecourt.com\/wp-content\/gallery\/scan-volupte-ii\/thumbs\/thumbs_volupte-1-16.jpg\"\n               data-image-id=\"335\"\n               data-title=\"volupte II\"\n               data-description=\"\"\n               data-image-slug=\"volupte-1-16\"\n               class=\"ngg-fancybox\" rel=\"1947ac97b09c224551f4f12927b83800\">\n                <img\n                    title=\"volupte II\"\n                    alt=\"volupte II\"\n                    src=\"https:\/\/virginiebecourt.com\/wp-content\/gallery\/scan-volupte-ii\/thumbs\/thumbs_volupte-1-16.jpg\"\n                    width=\"240\"\n                    height=\"160\"\n                    style=\"max-width:100%;\"\n                \/>\n            <\/a>\n        <\/div>\n\t\t\t\t\t\t\t<\/div> \n\t\t\t\n\t\n\t<br style=\"clear: both\" \/>\n\n\t\n\t\t<!-- Pagination -->\n\t<div class='ngg-clear'><\/div>\t<\/div>\n\n\n\n\n<p><strong>Volupt\u00e9 III<\/strong><\/p>\n\n\n\n<!-- default-view.php -->\n<div\n\tclass=\"ngg-galleryoverview default-view \"\n\tid=\"ngg-gallery-714f70792a067b0110f8e688f44f3bfa-1\">\n\n\t\t<!-- Thumbnails -->\n\t\t\t\t<div id=\"ngg-image-0\" class=\"ngg-gallery-thumbnail-box \" >\n\t\t\t\t        <div class=\"ngg-gallery-thumbnail\">\n            <a href=\"https:\/\/virginiebecourt.com\/wp-content\/gallery\/scan-volupte-iii\/volupte-3-5.jpg\"\n               title=\"\"\n               data-src=\"https:\/\/virginiebecourt.com\/wp-content\/gallery\/scan-volupte-iii\/volupte-3-5.jpg\"\n               data-thumbnail=\"https:\/\/virginiebecourt.com\/wp-content\/gallery\/scan-volupte-iii\/thumbs\/thumbs_volupte-3-5.jpg\"\n               data-image-id=\"337\"\n               data-title=\"volupte-3-5\"\n               data-description=\"\"\n               data-image-slug=\"volupte-3-5\"\n               class=\"ngg-fancybox\" rel=\"714f70792a067b0110f8e688f44f3bfa\">\n                <img\n                    title=\"volupte-3-5\"\n                    alt=\"volupte-3-5\"\n                    src=\"https:\/\/virginiebecourt.com\/wp-content\/gallery\/scan-volupte-iii\/thumbs\/thumbs_volupte-3-5.jpg\"\n                    width=\"240\"\n                    height=\"160\"\n                    style=\"max-width:100%;\"\n                \/>\n            <\/a>\n        <\/div>\n\t\t\t\t\t\t\t<\/div> \n\t\t\t\n\t\n\t<br style=\"clear: both\" \/>\n\n\t\n\t\t<!-- Pagination -->\n\t<div class='ngg-clear'><\/div>\t<\/div>\n\n\n\n\n<p><strong>Pierre ou la douceur forte<\/strong><\/p>\n\n\n\n<!-- default-view.php -->\n<div\n\tclass=\"ngg-galleryoverview default-view \"\n\tid=\"ngg-gallery-effa062d68053016c24835dc874d7f3e-1\">\n\n\t\t<!-- Thumbnails -->\n\t\t\t\t<div id=\"ngg-image-0\" class=\"ngg-gallery-thumbnail-box \" >\n\t\t\t\t        <div class=\"ngg-gallery-thumbnail\">\n            <a href=\"https:\/\/virginiebecourt.com\/wp-content\/gallery\/scan-pierre-ou-la-douceur-forte\/Pierre-10.jpg\"\n               title=\"\"\n               data-src=\"https:\/\/virginiebecourt.com\/wp-content\/gallery\/scan-pierre-ou-la-douceur-forte\/Pierre-10.jpg\"\n               data-thumbnail=\"https:\/\/virginiebecourt.com\/wp-content\/gallery\/scan-pierre-ou-la-douceur-forte\/thumbs\/thumbs_Pierre-10.jpg\"\n               data-image-id=\"338\"\n               data-title=\"Pierre-10\"\n               data-description=\"\"\n               data-image-slug=\"pierre-10\"\n               class=\"ngg-fancybox\" rel=\"effa062d68053016c24835dc874d7f3e\">\n                <img\n                    title=\"Pierre-10\"\n                    alt=\"Pierre-10\"\n                    src=\"https:\/\/virginiebecourt.com\/wp-content\/gallery\/scan-pierre-ou-la-douceur-forte\/thumbs\/thumbs_Pierre-10.jpg\"\n                    width=\"240\"\n                    height=\"160\"\n                    style=\"max-width:100%;\"\n                \/>\n            <\/a>\n        <\/div>\n\t\t\t\t\t\t\t<\/div> \n\t\t\t\n\t\n\t<br style=\"clear: both\" \/>\n\n\t\n\t\t<!-- Pagination -->\n\t<div class='ngg-clear'><\/div>\t<\/div>\n\n\n\n\n<p><strong>Volcanique<\/strong><\/p>\n\n\n\n<!-- default-view.php -->\n<div\n\tclass=\"ngg-galleryoverview default-view \"\n\tid=\"ngg-gallery-c86105953aa20e2f8692f0f27d4f7a21-1\">\n\n\t\t<!-- Thumbnails -->\n\t\t\t\t<div id=\"ngg-image-0\" class=\"ngg-gallery-thumbnail-box \" >\n\t\t\t\t        <div class=\"ngg-gallery-thumbnail\">\n            <a href=\"https:\/\/virginiebecourt.com\/wp-content\/gallery\/scan-volcanique\/1_Volcanique-9.jpg\"\n               title=\"\"\n               data-src=\"https:\/\/virginiebecourt.com\/wp-content\/gallery\/scan-volcanique\/1_Volcanique-9.jpg\"\n               data-thumbnail=\"https:\/\/virginiebecourt.com\/wp-content\/gallery\/scan-volcanique\/thumbs\/thumbs_1_Volcanique-9.jpg\"\n               data-image-id=\"339\"\n               data-title=\"1_Volcanique-9\"\n               data-description=\"\"\n               data-image-slug=\"1_volcanique-9\"\n               class=\"ngg-fancybox\" rel=\"c86105953aa20e2f8692f0f27d4f7a21\">\n                <img\n                    title=\"1_Volcanique-9\"\n                    alt=\"1_Volcanique-9\"\n                    src=\"https:\/\/virginiebecourt.com\/wp-content\/gallery\/scan-volcanique\/thumbs\/thumbs_1_Volcanique-9.jpg\"\n                    width=\"240\"\n                    height=\"160\"\n                    style=\"max-width:100%;\"\n                \/>\n            <\/a>\n        <\/div>\n\t\t\t\t\t\t\t<\/div> \n\t\t\t\n\t\n\t<br style=\"clear: both\" \/>\n\n\t\n\t\t<!-- Pagination -->\n\t<div class='ngg-clear'><\/div>\t<\/div>\n\n\n\n\n<p><strong>Brute I<\/strong><\/p>\n\n\n\n<!-- default-view.php -->\n<div\n\tclass=\"ngg-galleryoverview default-view \"\n\tid=\"ngg-gallery-6f7d9ddca3eaac88900c1500d6a51304-1\">\n\n\t\t<!-- Thumbnails -->\n\t\t\t\t<div id=\"ngg-image-0\" class=\"ngg-gallery-thumbnail-box \" >\n\t\t\t\t        <div class=\"ngg-gallery-thumbnail\">\n            <a href=\"https:\/\/virginiebecourt.com\/wp-content\/gallery\/scan-brute-i\/brute-1-9.jpg\"\n               title=\"\"\n               data-src=\"https:\/\/virginiebecourt.com\/wp-content\/gallery\/scan-brute-i\/brute-1-9.jpg\"\n               data-thumbnail=\"https:\/\/virginiebecourt.com\/wp-content\/gallery\/scan-brute-i\/thumbs\/thumbs_brute-1-9.jpg\"\n               data-image-id=\"340\"\n               data-title=\"brute-1-9\"\n               data-description=\"\"\n               data-image-slug=\"brute-1-9\"\n               class=\"ngg-fancybox\" rel=\"6f7d9ddca3eaac88900c1500d6a51304\">\n                <img\n                    title=\"brute-1-9\"\n                    alt=\"brute-1-9\"\n                    src=\"https:\/\/virginiebecourt.com\/wp-content\/gallery\/scan-brute-i\/thumbs\/thumbs_brute-1-9.jpg\"\n                    width=\"240\"\n                    height=\"160\"\n                    style=\"max-width:100%;\"\n                \/>\n            <\/a>\n        <\/div>\n\t\t\t\t\t\t\t<\/div> \n\t\t\t\n\t\n\t<br style=\"clear: both\" \/>\n\n\t\n\t\t<!-- Pagination -->\n\t<div class='ngg-clear'><\/div>\t<\/div>\n\n\n\n\n<p>Fils<\/p>\n\n\n\n<!-- default-view.php -->\n<div\n\tclass=\"ngg-galleryoverview default-view \"\n\tid=\"ngg-gallery-f31587236e0c7c45be5b316cbe88a765-1\">\n\n\t\t<!-- Thumbnails -->\n\t\t\t\t<div id=\"ngg-image-0\" class=\"ngg-gallery-thumbnail-box \" >\n\t\t\t\t        <div class=\"ngg-gallery-thumbnail\">\n            <a href=\"https:\/\/virginiebecourt.com\/wp-content\/gallery\/scan-dentelle\/2_Dentelle-28.jpg\"\n               title=\"\"\n               data-src=\"https:\/\/virginiebecourt.com\/wp-content\/gallery\/scan-dentelle\/2_Dentelle-28.jpg\"\n               data-thumbnail=\"https:\/\/virginiebecourt.com\/wp-content\/gallery\/scan-dentelle\/thumbs\/thumbs_2_Dentelle-28.jpg\"\n               data-image-id=\"346\"\n               data-title=\"2_Dentelle-28\"\n               data-description=\"\"\n               data-image-slug=\"2_dentelle-28\"\n               class=\"ngg-fancybox\" rel=\"f31587236e0c7c45be5b316cbe88a765\">\n                <img\n                    title=\"2_Dentelle-28\"\n                    alt=\"2_Dentelle-28\"\n                    src=\"https:\/\/virginiebecourt.com\/wp-content\/gallery\/scan-dentelle\/thumbs\/thumbs_2_Dentelle-28.jpg\"\n                    width=\"240\"\n                    height=\"160\"\n                    style=\"max-width:100%;\"\n                \/>\n            <\/a>\n        <\/div>\n\t\t\t\t\t\t\t<\/div> \n\t\t\t\n\t\n\t<br style=\"clear: both\" \/>\n\n\t\n\t\t<!-- Pagination -->\n\t<div class='ngg-clear'><\/div>\t<\/div>\n\n\n\n\n<p><strong>C\u0153urs<\/strong> <strong>cousu<\/strong><\/p>\n\n\n\n<!-- default-view.php -->\n<div\n\tclass=\"ngg-galleryoverview default-view \"\n\tid=\"ngg-gallery-150bb2685f9c12bc050748f01af08a5e-1\">\n\n\t\t<!-- Thumbnails -->\n\t\t\t\t<div id=\"ngg-image-0\" class=\"ngg-gallery-thumbnail-box \" >\n\t\t\t\t        <div class=\"ngg-gallery-thumbnail\">\n            <a href=\"https:\/\/virginiebecourt.com\/wp-content\/gallery\/scan-coeurs\/Broder-rouge-.jpg\"\n               title=\"\"\n               data-src=\"https:\/\/virginiebecourt.com\/wp-content\/gallery\/scan-coeurs\/Broder-rouge-.jpg\"\n               data-thumbnail=\"https:\/\/virginiebecourt.com\/wp-content\/gallery\/scan-coeurs\/thumbs\/thumbs_Broder-rouge-.jpg\"\n               data-image-id=\"343\"\n               data-title=\"Broder-rouge-\"\n               data-description=\"\"\n               data-image-slug=\"broder-rouge-2\"\n               class=\"ngg-fancybox\" rel=\"150bb2685f9c12bc050748f01af08a5e\">\n                <img\n                    title=\"Broder-rouge-\"\n                    alt=\"Broder-rouge-\"\n                    src=\"https:\/\/virginiebecourt.com\/wp-content\/gallery\/scan-coeurs\/thumbs\/thumbs_Broder-rouge-.jpg\"\n                    width=\"240\"\n                    height=\"160\"\n                    style=\"max-width:100%;\"\n                \/>\n            <\/a>\n        <\/div>\n\t\t\t\t\t\t\t<\/div> \n\t\t\t\n\t\n\t<br style=\"clear: both\" \/>\n\n\t\n\t\t<!-- Pagination -->\n\t<div class='ngg-clear'><\/div>\t<\/div>\n\n\n\n\n<p><strong>C\u0153ur blanc<\/strong><\/p>\n\n\n\n<!-- default-view.php -->\n<div\n\tclass=\"ngg-galleryoverview default-view \"\n\tid=\"ngg-gallery-382fb2982dc57f5fe5984f8bcf362494-1\">\n\n\t\t<!-- Thumbnails -->\n\t\t\t\t<div id=\"ngg-image-0\" class=\"ngg-gallery-thumbnail-box \" >\n\t\t\t\t        <div class=\"ngg-gallery-thumbnail\">\n            <a href=\"https:\/\/virginiebecourt.com\/wp-content\/gallery\/scan-coeurs-blancs\/Coeur-blanc-14.jpg\"\n               title=\"\"\n               data-src=\"https:\/\/virginiebecourt.com\/wp-content\/gallery\/scan-coeurs-blancs\/Coeur-blanc-14.jpg\"\n               data-thumbnail=\"https:\/\/virginiebecourt.com\/wp-content\/gallery\/scan-coeurs-blancs\/thumbs\/thumbs_Coeur-blanc-14.jpg\"\n               data-image-id=\"344\"\n               data-title=\"Coeur-blanc-14\"\n               data-description=\"\"\n               data-image-slug=\"coeur-blanc-14\"\n               class=\"ngg-fancybox\" rel=\"382fb2982dc57f5fe5984f8bcf362494\">\n                <img\n                    title=\"Coeur-blanc-14\"\n                    alt=\"Coeur-blanc-14\"\n                    src=\"https:\/\/virginiebecourt.com\/wp-content\/gallery\/scan-coeurs-blancs\/thumbs\/thumbs_Coeur-blanc-14.jpg\"\n                    width=\"240\"\n                    height=\"160\"\n                    style=\"max-width:100%;\"\n                \/>\n            <\/a>\n        <\/div>\n\t\t\t\t\t\t\t<\/div> \n\t\t\t\n\t\n\t<br style=\"clear: both\" \/>\n\n\t\n\t\t<!-- Pagination -->\n\t<div class='ngg-clear'><\/div>\t<\/div>\n\n\n\n\n<p><strong>F\u00e9minin<\/strong><\/p>\n\n\n\n<!-- default-view.php -->\n<div\n\tclass=\"ngg-galleryoverview default-view \"\n\tid=\"ngg-gallery-8f668e398d69ddd2e5182e404f284a68-1\">\n\n\t\t<!-- Thumbnails -->\n\t\t\t\t<div id=\"ngg-image-0\" class=\"ngg-gallery-thumbnail-box \" >\n\t\t\t\t        <div class=\"ngg-gallery-thumbnail\">\n            <a href=\"https:\/\/virginiebecourt.com\/wp-content\/gallery\/scan-plastron\/Plastron-3.jpg\"\n               title=\"\"\n               data-src=\"https:\/\/virginiebecourt.com\/wp-content\/gallery\/scan-plastron\/Plastron-3.jpg\"\n               data-thumbnail=\"https:\/\/virginiebecourt.com\/wp-content\/gallery\/scan-plastron\/thumbs\/thumbs_Plastron-3.jpg\"\n               data-image-id=\"345\"\n               data-title=\"Plastron-3\"\n               data-description=\"\"\n               data-image-slug=\"plastron-3\"\n               class=\"ngg-fancybox\" rel=\"8f668e398d69ddd2e5182e404f284a68\">\n                <img\n                    title=\"Plastron-3\"\n                    alt=\"Plastron-3\"\n                    src=\"https:\/\/virginiebecourt.com\/wp-content\/gallery\/scan-plastron\/thumbs\/thumbs_Plastron-3.jpg\"\n                    width=\"240\"\n                    height=\"160\"\n                    style=\"max-width:100%;\"\n                \/>\n            <\/a>\n        <\/div>\n\t\t\t\t\t\t\t<\/div> \n\t\t\t\n\t\n\t<br style=\"clear: both\" \/>\n\n\t\n\t\t<!-- Pagination -->\n\t<div class='ngg-clear'><\/div>\t<\/div>\n\n\n\n\n<p><strong>\u00c9ponge<\/strong><\/p>\n\n\n\n<!-- default-view.php -->\n<div\n\tclass=\"ngg-galleryoverview default-view \"\n\tid=\"ngg-gallery-a19e8b71f771535a54f6b01d532d378f-1\">\n\n\t\t<!-- Thumbnails -->\n\t\t\t\t<div id=\"ngg-image-0\" class=\"ngg-gallery-thumbnail-box \" >\n\t\t\t\t        <div class=\"ngg-gallery-thumbnail\">\n            <a href=\"https:\/\/virginiebecourt.com\/wp-content\/gallery\/scan-eponge\/1_Eponge-24.jpg\"\n               title=\"\"\n               data-src=\"https:\/\/virginiebecourt.com\/wp-content\/gallery\/scan-eponge\/1_Eponge-24.jpg\"\n               data-thumbnail=\"https:\/\/virginiebecourt.com\/wp-content\/gallery\/scan-eponge\/thumbs\/thumbs_1_Eponge-24.jpg\"\n               data-image-id=\"347\"\n               data-title=\"1_Eponge-24\"\n               data-description=\"\"\n               data-image-slug=\"1_eponge-24\"\n               class=\"ngg-fancybox\" rel=\"a19e8b71f771535a54f6b01d532d378f\">\n                <img\n                    title=\"1_Eponge-24\"\n                    alt=\"1_Eponge-24\"\n                    src=\"https:\/\/virginiebecourt.com\/wp-content\/gallery\/scan-eponge\/thumbs\/thumbs_1_Eponge-24.jpg\"\n                    width=\"240\"\n                    height=\"160\"\n                    style=\"max-width:100%;\"\n                \/>\n            <\/a>\n        <\/div>\n\t\t\t\t\t\t\t<\/div> \n\t\t\t\n\t\n\t<br style=\"clear: both\" \/>\n\n\t\n\t\t<!-- Pagination -->\n\t<div class='ngg-clear'><\/div>\t<\/div>\n\n","protected":false},"excerpt":{"rendered":"<p>Ce travail de scanographie textile est n\u00e9 de l&rsquo;envie de donner une deuxi\u00e8me vie \u00e0 mes sculptures; Avec pour plaisir de les perdre pour les retrouver autrement en cr\u00e9ant un nouvel univers, un nouveau voyage, un nouveau questionnement de la mati\u00e8re. Une vision fantomatique, je vous invite \u00e0 les d\u00e9couvrir. Tirage papier photo argentique Pro &hellip; <\/p>\n<p class=\"link-more\"><a href=\"https:\/\/virginiebecourt.com\/index.php\/creations-2\/scanographie-textile\/\" class=\"more-link\">Continuer la lecture<span class=\"screen-reader-text\"> de &laquo;&nbsp;Scanographie textile&nbsp;&raquo;<\/span><\/a><\/p>\n","protected":false},"author":1,"featured_media":0,"parent":100,"menu_order":3,"comment_status":"closed","ping_status":"closed","template":"","meta":{"ngg_post_thumbnail":0,"footnotes":""},"class_list":["post-919","page","type-page","status-publish","hentry"],"_links":{"self":[{"href":"https:\/\/virginiebecourt.com\/index.php\/wp-json\/wp\/v2\/pages\/919","targetHints":{"allow":["GET"]}}],"collection":[{"href":"https:\/\/virginiebecourt.com\/index.php\/wp-json\/wp\/v2\/pages"}],"about":[{"href":"https:\/\/virginiebecourt.com\/index.php\/wp-json\/wp\/v2\/types\/page"}],"author":[{"embeddable":true,"href":"https:\/\/virginiebecourt.com\/index.php\/wp-json\/wp\/v2\/users\/1"}],"replies":[{"embeddable":true,"href":"https:\/\/virginiebecourt.com\/index.php\/wp-json\/wp\/v2\/comments?post=919"}],"version-history":[{"count":25,"href":"https:\/\/virginiebecourt.com\/index.php\/wp-json\/wp\/v2\/pages\/919\/revisions"}],"predecessor-version":[{"id":1438,"href":"https:\/\/virginiebecourt.com\/index.php\/wp-json\/wp\/v2\/pages\/919\/revisions\/1438"}],"up":[{"embeddable":true,"href":"https:\/\/virginiebecourt.com\/index.php\/wp-json\/wp\/v2\/pages\/100"}],"wp:attachment":[{"href":"https:\/\/virginiebecourt.com\/index.php\/wp-json\/wp\/v2\/media?parent=919"}],"curies":[{"name":"wp","href":"https:\/\/api.w.org\/{rel}","templated":true}]}}